{"id":12,"date":"2025-11-10T08:42:11","date_gmt":"2025-11-10T08:42:11","guid":{"rendered":"https:\/\/carniceriadeliciasbilbao.rkinformatika.online\/?page_id=12"},"modified":"2025-11-12T10:07:56","modified_gmt":"2025-11-12T10:07:56","slug":"inicio","status":"publish","type":"page","link":"https:\/\/carniceriadeliciasbilbao.com\/eu\/","title":{"rendered":"Hasiera"},"content":{"rendered":"\t\t<div data-elementor-type=\"wp-page\" data-elementor-id=\"12\" class=\"elementor elementor-12\" data-elementor-post-type=\"page\">\n\t\t\t\t<div class=\"elementor-element elementor-element-e0f065e e-flex e-con-boxed e-con e-parent\" data-id=\"e0f065e\" data-element_type=\"container\" data-e-type=\"container\" data-settings=\"{&quot;background_background&quot;:&quot;classic&quot;,&quot;background_motion_fx_translateY_effect&quot;:&quot;yes&quot;,&quot;background_motion_fx_translateY_direction&quot;:&quot;negative&quot;,&quot;animation&quot;:&quot;none&quot;,&quot;background_motion_fx_motion_fx_scrolling&quot;:&quot;yes&quot;,&quot;background_motion_fx_translateY_speed&quot;:{&quot;unit&quot;:&quot;px&quot;,&quot;size&quot;:3.4,&quot;sizes&quot;:[]},&quot;background_motion_fx_opacity_effect&quot;:&quot;yes&quot;,&quot;background_motion_fx_opacity_level&quot;:{&quot;unit&quot;:&quot;px&quot;,&quot;size&quot;:6.3,&quot;sizes&quot;:[]},&quot;background_motion_fx_translateY_affectedRange&quot;:{&quot;unit&quot;:&quot;%&quot;,&quot;size&quot;:&quot;&quot;,&quot;sizes&quot;:{&quot;start&quot;:0,&quot;end&quot;:100}},&quot;background_motion_fx_opacity_direction&quot;:&quot;out-in&quot;,&quot;background_motion_fx_opacity_range&quot;:{&quot;unit&quot;:&quot;%&quot;,&quot;size&quot;:&quot;&quot;,&quot;sizes&quot;:{&quot;start&quot;:20,&quot;end&quot;:80}},&quot;background_motion_fx_devices&quot;:[&quot;desktop&quot;,&quot;tablet&quot;,&quot;mobile&quot;]}\">\n\t\t\t\t\t<div class=\"e-con-inner\">\n\t\t\t\t<div class=\"elementor-element elementor-element-bc1a991 elementor-widget elementor-widget-heading\" data-id=\"bc1a991\" data-element_type=\"widget\" data-e-type=\"widget\" data-widget_type=\"heading.default\">\n\t\t\t\t\t<h2 class=\"elementor-heading-title elementor-size-default\">Donde la calidad y la tradici\u00f3n halal se encuentran.<\/h2>\t\t\t\t<\/div>\n\t\t\t\t\t<\/div>\n\t\t\t\t<\/div>\n\t\t<div class=\"elementor-element elementor-element-1fa263b e-flex e-con-boxed e-con e-parent\" data-id=\"1fa263b\" data-element_type=\"container\" data-e-type=\"container\">\n\t\t\t\t\t<div class=\"e-con-inner\">\n\t\t<div class=\"elementor-element elementor-element-f52f39e e-con-full e-flex e-con e-child\" data-id=\"f52f39e\" data-element_type=\"container\" data-e-type=\"container\">\n\t\t\t\t<div class=\"elementor-element elementor-element-4482ed5 elementor-invisible elementor-widget elementor-widget-heading\" data-id=\"4482ed5\" data-element_type=\"widget\" data-e-type=\"widget\" data-settings=\"{&quot;_animation&quot;:&quot;slideInDown&quot;}\" data-widget_type=\"heading.default\">\n\t\t\t\t\t<h2 class=\"elementor-heading-title elementor-size-default\">Sobre Nosotros<\/h2>\t\t\t\t<\/div>\n\t\t\t\t<div class=\"elementor-element elementor-element-33c9a50 elementor-invisible elementor-widget elementor-widget-text-editor\" data-id=\"33c9a50\" data-element_type=\"widget\" data-e-type=\"widget\" data-settings=\"{&quot;_animation&quot;:&quot;slideInUp&quot;}\" data-widget_type=\"text-editor.default\">\n\t\t\t\t\t\t\t\t\t<p>Somos una carnicer\u00eda dedicada a ofrecer carne halal de primera calidad, cuidando cada detalle desde la selecci\u00f3n de los productos hasta la atenci\u00f3n personalizada.<\/p><p>Desde hace un a\u00f1o, brindamos servicio a nuestra comunidad con el compromiso de garantizar frescura, confianza y el mejor sabor en cada corte. Nos enorgullece asesorar y ayudar a nuestros clientes a elegir la carne que mejor se adapte a sus necesidades, siempre con amabilidad y profesionalismo.<\/p><p>Nuestra misi\u00f3n es seguir creciendo junto a nuestros clientes, ofreciendo cada d\u00eda la mejor calidad y un servicio cercano, basado en el respeto a nuestras tradiciones y valores.<\/p>\t\t\t\t\t\t\t\t<\/div>\n\t\t\t\t<\/div>\n\t\t<div class=\"elementor-element elementor-element-6997903 e-con-full e-flex e-con e-child\" data-id=\"6997903\" data-element_type=\"container\" data-e-type=\"container\">\n\t\t\t\t<div class=\"elementor-element elementor-element-861323b elementor-widget elementor-widget-image\" data-id=\"861323b\" data-element_type=\"widget\" data-e-type=\"widget\" data-widget_type=\"image.default\">\n\t\t\t\t\t\t\t\t\t\t\t\t\t\t\t<img decoding=\"async\" src=\"https:\/\/carniceriadeliciasbilbao.com\/wp-content\/uploads\/elementor\/thumbs\/WhatsApp-Image-2025-11-10-at-12.29.50-5-1-rejyrbytv951nmi5ggswr8ipvtbf49oatmovg8csyo.jpeg\" title=\"WhatsApp Image 2025-11-10 at 12.29.50 (5)\" alt=\"WhatsApp Image 2025-11-10 at 12.29.50 (5)\" loading=\"lazy\" \/>\t\t\t\t\t\t\t\t\t\t\t\t\t\t\t<\/div>\n\t\t\t\t<\/div>\n\t\t\t\t\t<\/div>\n\t\t\t\t<\/div>\n\t\t\t\t<section class=\"elementor-section elementor-top-section elementor-element elementor-element-9b7c6f4 elementor-section-boxed elementor-section-height-default elementor-section-height-default\" data-id=\"9b7c6f4\" data-element_type=\"section\" data-e-type=\"section\" data-settings=\"{&quot;background_background&quot;:&quot;classic&quot;}\">\n\t\t\t\t\t\t\t<div class=\"elementor-background-overlay\"><\/div>\n\t\t\t\t\t\t\t<div class=\"elementor-container elementor-column-gap-default\">\n\t\t\t\t\t<div class=\"elementor-column elementor-col-100 elementor-top-column elementor-element elementor-element-17599bf\" data-id=\"17599bf\" data-element_type=\"column\" data-e-type=\"column\">\n\t\t\t<div class=\"elementor-widget-wrap elementor-element-populated\">\n\t\t\t\t\t\t<div class=\"elementor-element elementor-element-428e0d9 elementor-widget elementor-widget-heading\" data-id=\"428e0d9\" data-element_type=\"widget\" data-e-type=\"widget\" data-widget_type=\"heading.default\">\n\t\t\t\t\t<h2 class=\"elementor-heading-title elementor-size-default\">Vis\u00edtanos y descubre la diferencia del sabor halal aut\u00e9ntico.<\/h2>\t\t\t\t<\/div>\n\t\t\t\t<div class=\"elementor-element elementor-element-28e93d0 elementor-align-center elementor-widget elementor-widget-button\" data-id=\"28e93d0\" data-element_type=\"widget\" data-e-type=\"widget\" data-widget_type=\"button.default\">\n\t\t\t\t\t\t\t\t\t\t<a class=\"elementor-button elementor-button-link elementor-size-sm elementor-animation-hang\" href=\"https:\/\/carniceriadeliciasbilbao.com\/productos\/\">\n\t\t\t\t\t\t<span class=\"elementor-button-content-wrapper\">\n\t\t\t\t\t\t\t\t\t<span class=\"elementor-button-text\">PRODUCTOS<\/span>\n\t\t\t\t\t<\/span>\n\t\t\t\t\t<\/a>\n\t\t\t\t\t\t\t\t<\/div>\n\t\t\t\t\t<\/div>\n\t\t<\/div>\n\t\t\t\t\t<\/div>\n\t\t<\/section>\n\t\t\t\t<\/div>\n\t\t","protected":false},"excerpt":{"rendered":"<p>Donde la calidad y la tradici\u00f3n halal se encuentran. Sobre Nosotros Somos una carnicer\u00eda dedicada a ofrecer carne halal de primera calidad, cuidando cada detalle desde la selecci\u00f3n de los productos hasta la atenci\u00f3n personalizada. Desde hace un a\u00f1o, brindamos servicio a nuestra comunidad con el compromiso de garantizar frescura, confianza y el mejor sabor [&hellip;]<\/p>\n","protected":false},"author":1,"featured_media":0,"parent":0,"menu_order":0,"comment_status":"closed","ping_status":"closed","template":"elementor_canvas","meta":{"footnotes":""},"class_list":["post-12","page","type-page","status-publish","hentry"],"yoast_head":"<!-- This site is optimized with the Yoast SEO plugin v27.3 - https:\/\/yoast.com\/product\/yoast-seo-wordpress\/ -->\n<title>Inicio - Carnicer\u00eda Delicias Bilbao<\/title>\n<meta name=\"robots\" content=\"index, follow, max-snippet:-1, max-image-preview:large, max-video-preview:-1\" \/>\n<link rel=\"canonical\" href=\"https:\/\/carniceriadeliciasbilbao.com\/eu\/\" \/>\n<meta property=\"og:locale\" content=\"en_US\" \/>\n<meta property=\"og:type\" content=\"article\" \/>\n<meta property=\"og:title\" content=\"Inicio - Carnicer\u00eda Delicias Bilbao\" \/>\n<meta property=\"og:description\" content=\"Donde la calidad y la tradici\u00f3n halal se encuentran. Sobre Nosotros Somos una carnicer\u00eda dedicada a ofrecer carne halal de primera calidad, cuidando cada detalle desde la selecci\u00f3n de los productos hasta la atenci\u00f3n personalizada. Desde hace un a\u00f1o, brindamos servicio a nuestra comunidad con el compromiso de garantizar frescura, confianza y el mejor sabor [&hellip;]\" \/>\n<meta property=\"og:url\" content=\"https:\/\/carniceriadeliciasbilbao.com\/eu\/\" \/>\n<meta property=\"og:site_name\" content=\"Carnicer\u00eda Delicias Bilbao\" \/>\n<meta property=\"article:modified_time\" content=\"2025-11-12T10:07:56+00:00\" \/>\n<meta property=\"og:image\" content=\"https:\/\/carniceriadeliciasbilbao.com\/wp-content\/uploads\/elementor\/thumbs\/WhatsApp-Image-2025-11-10-at-12.29.50-5-1-rejyrbytv951nmi5ggswr8ipvtbf49oatmovg8csyo.jpeg\" \/>\n<meta name=\"twitter:card\" content=\"summary_large_image\" \/>\n<meta name=\"twitter:label1\" content=\"Est. reading time\" \/>\n\t<meta name=\"twitter:data1\" content=\"1 minutua\" \/>\n<script type=\"application\/ld+json\" class=\"yoast-schema-graph\">{\"@context\":\"https:\\\/\\\/schema.org\",\"@graph\":[{\"@type\":\"WebPage\",\"@id\":\"https:\\\/\\\/carniceriadeliciasbilbao.com\\\/\",\"url\":\"https:\\\/\\\/carniceriadeliciasbilbao.com\\\/\",\"name\":\"Inicio - Carnicer\u00eda Delicias Bilbao\",\"isPartOf\":{\"@id\":\"https:\\\/\\\/carniceriadeliciasbilbao.com\\\/#website\"},\"primaryImageOfPage\":{\"@id\":\"https:\\\/\\\/carniceriadeliciasbilbao.com\\\/#primaryimage\"},\"image\":{\"@id\":\"https:\\\/\\\/carniceriadeliciasbilbao.com\\\/#primaryimage\"},\"thumbnailUrl\":\"https:\\\/\\\/carniceriadeliciasbilbao.com\\\/wp-content\\\/uploads\\\/elementor\\\/thumbs\\\/WhatsApp-Image-2025-11-10-at-12.29.50-5-1-rejyrbytv951nmi5ggswr8ipvtbf49oatmovg8csyo.jpeg\",\"datePublished\":\"2025-11-10T08:42:11+00:00\",\"dateModified\":\"2025-11-12T10:07:56+00:00\",\"breadcrumb\":{\"@id\":\"https:\\\/\\\/carniceriadeliciasbilbao.com\\\/#breadcrumb\"},\"inLanguage\":\"eu\",\"potentialAction\":[{\"@type\":\"ReadAction\",\"target\":[\"https:\\\/\\\/carniceriadeliciasbilbao.com\\\/\"]}]},{\"@type\":\"ImageObject\",\"inLanguage\":\"eu\",\"@id\":\"https:\\\/\\\/carniceriadeliciasbilbao.com\\\/#primaryimage\",\"url\":\"https:\\\/\\\/carniceriadeliciasbilbao.com\\\/wp-content\\\/uploads\\\/elementor\\\/thumbs\\\/WhatsApp-Image-2025-11-10-at-12.29.50-5-1-rejyrbytv951nmi5ggswr8ipvtbf49oatmovg8csyo.jpeg\",\"contentUrl\":\"https:\\\/\\\/carniceriadeliciasbilbao.com\\\/wp-content\\\/uploads\\\/elementor\\\/thumbs\\\/WhatsApp-Image-2025-11-10-at-12.29.50-5-1-rejyrbytv951nmi5ggswr8ipvtbf49oatmovg8csyo.jpeg\"},{\"@type\":\"BreadcrumbList\",\"@id\":\"https:\\\/\\\/carniceriadeliciasbilbao.com\\\/#breadcrumb\",\"itemListElement\":[{\"@type\":\"ListItem\",\"position\":1,\"name\":\"Portada\",\"item\":\"https:\\\/\\\/carniceriadeliciasbilbao.com\\\/\"},{\"@type\":\"ListItem\",\"position\":2,\"name\":\"Inicio\"}]},{\"@type\":\"WebSite\",\"@id\":\"https:\\\/\\\/carniceriadeliciasbilbao.com\\\/#website\",\"url\":\"https:\\\/\\\/carniceriadeliciasbilbao.com\\\/\",\"name\":\"Carnicer\u00eda Delicias Bilbao\",\"description\":\"Carnicer\u00eda\",\"publisher\":{\"@id\":\"https:\\\/\\\/carniceriadeliciasbilbao.com\\\/#organization\"},\"potentialAction\":[{\"@type\":\"SearchAction\",\"target\":{\"@type\":\"EntryPoint\",\"urlTemplate\":\"https:\\\/\\\/carniceriadeliciasbilbao.com\\\/?s={search_term_string}\"},\"query-input\":{\"@type\":\"PropertyValueSpecification\",\"valueRequired\":true,\"valueName\":\"search_term_string\"}}],\"inLanguage\":\"eu\"},{\"@type\":\"Organization\",\"@id\":\"https:\\\/\\\/carniceriadeliciasbilbao.com\\\/#organization\",\"name\":\"Carnicer\u00eda Delicias Bilbao\",\"url\":\"https:\\\/\\\/carniceriadeliciasbilbao.com\\\/\",\"logo\":{\"@type\":\"ImageObject\",\"inLanguage\":\"eu\",\"@id\":\"https:\\\/\\\/carniceriadeliciasbilbao.com\\\/#\\\/schema\\\/logo\\\/image\\\/\",\"url\":\"https:\\\/\\\/carniceriadeliciasbilbao.com\\\/wp-content\\\/uploads\\\/2025\\\/11\\\/cropped-carniceriadelicias202606_logoarriba.jpg\",\"contentUrl\":\"https:\\\/\\\/carniceriadeliciasbilbao.com\\\/wp-content\\\/uploads\\\/2025\\\/11\\\/cropped-carniceriadelicias202606_logoarriba.jpg\",\"width\":181,\"height\":222,\"caption\":\"Carnicer\u00eda Delicias Bilbao\"},\"image\":{\"@id\":\"https:\\\/\\\/carniceriadeliciasbilbao.com\\\/#\\\/schema\\\/logo\\\/image\\\/\"}}]}<\/script>\n<!-- \/ Yoast SEO plugin. -->","yoast_head_json":{"title":"Inicio - Carnicer\u00eda Delicias Bilbao","robots":{"index":"index","follow":"follow","max-snippet":"max-snippet:-1","max-image-preview":"max-image-preview:large","max-video-preview":"max-video-preview:-1"},"canonical":"https:\/\/carniceriadeliciasbilbao.com\/eu\/","og_locale":"en_US","og_type":"article","og_title":"Inicio - Carnicer\u00eda Delicias Bilbao","og_description":"Donde la calidad y la tradici\u00f3n halal se encuentran. Sobre Nosotros Somos una carnicer\u00eda dedicada a ofrecer carne halal de primera calidad, cuidando cada detalle desde la selecci\u00f3n de los productos hasta la atenci\u00f3n personalizada. Desde hace un a\u00f1o, brindamos servicio a nuestra comunidad con el compromiso de garantizar frescura, confianza y el mejor sabor [&hellip;]","og_url":"https:\/\/carniceriadeliciasbilbao.com\/eu\/","og_site_name":"Carnicer\u00eda Delicias Bilbao","article_modified_time":"2025-11-12T10:07:56+00:00","og_image":[{"url":"https:\/\/carniceriadeliciasbilbao.com\/wp-content\/uploads\/elementor\/thumbs\/WhatsApp-Image-2025-11-10-at-12.29.50-5-1-rejyrbytv951nmi5ggswr8ipvtbf49oatmovg8csyo.jpeg","type":"","width":"","height":""}],"twitter_card":"summary_large_image","twitter_misc":{"Est. reading time":"1 minutua"},"schema":{"@context":"https:\/\/schema.org","@graph":[{"@type":"WebPage","@id":"https:\/\/carniceriadeliciasbilbao.com\/","url":"https:\/\/carniceriadeliciasbilbao.com\/","name":"Inicio - Carnicer\u00eda Delicias Bilbao","isPartOf":{"@id":"https:\/\/carniceriadeliciasbilbao.com\/#website"},"primaryImageOfPage":{"@id":"https:\/\/carniceriadeliciasbilbao.com\/#primaryimage"},"image":{"@id":"https:\/\/carniceriadeliciasbilbao.com\/#primaryimage"},"thumbnailUrl":"https:\/\/carniceriadeliciasbilbao.com\/wp-content\/uploads\/elementor\/thumbs\/WhatsApp-Image-2025-11-10-at-12.29.50-5-1-rejyrbytv951nmi5ggswr8ipvtbf49oatmovg8csyo.jpeg","datePublished":"2025-11-10T08:42:11+00:00","dateModified":"2025-11-12T10:07:56+00:00","breadcrumb":{"@id":"https:\/\/carniceriadeliciasbilbao.com\/#breadcrumb"},"inLanguage":"eu","potentialAction":[{"@type":"ReadAction","target":["https:\/\/carniceriadeliciasbilbao.com\/"]}]},{"@type":"ImageObject","inLanguage":"eu","@id":"https:\/\/carniceriadeliciasbilbao.com\/#primaryimage","url":"https:\/\/carniceriadeliciasbilbao.com\/wp-content\/uploads\/elementor\/thumbs\/WhatsApp-Image-2025-11-10-at-12.29.50-5-1-rejyrbytv951nmi5ggswr8ipvtbf49oatmovg8csyo.jpeg","contentUrl":"https:\/\/carniceriadeliciasbilbao.com\/wp-content\/uploads\/elementor\/thumbs\/WhatsApp-Image-2025-11-10-at-12.29.50-5-1-rejyrbytv951nmi5ggswr8ipvtbf49oatmovg8csyo.jpeg"},{"@type":"BreadcrumbList","@id":"https:\/\/carniceriadeliciasbilbao.com\/#breadcrumb","itemListElement":[{"@type":"ListItem","position":1,"name":"Portada","item":"https:\/\/carniceriadeliciasbilbao.com\/"},{"@type":"ListItem","position":2,"name":"Inicio"}]},{"@type":"WebSite","@id":"https:\/\/carniceriadeliciasbilbao.com\/#website","url":"https:\/\/carniceriadeliciasbilbao.com\/","name":"Carnicer\u00eda Delicias Bilbao","description":"Carnicer\u00eda","publisher":{"@id":"https:\/\/carniceriadeliciasbilbao.com\/#organization"},"potentialAction":[{"@type":"SearchAction","target":{"@type":"EntryPoint","urlTemplate":"https:\/\/carniceriadeliciasbilbao.com\/?s={search_term_string}"},"query-input":{"@type":"PropertyValueSpecification","valueRequired":true,"valueName":"search_term_string"}}],"inLanguage":"eu"},{"@type":"Organization","@id":"https:\/\/carniceriadeliciasbilbao.com\/#organization","name":"Carnicer\u00eda Delicias Bilbao","url":"https:\/\/carniceriadeliciasbilbao.com\/","logo":{"@type":"ImageObject","inLanguage":"eu","@id":"https:\/\/carniceriadeliciasbilbao.com\/#\/schema\/logo\/image\/","url":"https:\/\/carniceriadeliciasbilbao.com\/wp-content\/uploads\/2025\/11\/cropped-carniceriadelicias202606_logoarriba.jpg","contentUrl":"https:\/\/carniceriadeliciasbilbao.com\/wp-content\/uploads\/2025\/11\/cropped-carniceriadelicias202606_logoarriba.jpg","width":181,"height":222,"caption":"Carnicer\u00eda Delicias Bilbao"},"image":{"@id":"https:\/\/carniceriadeliciasbilbao.com\/#\/schema\/logo\/image\/"}}]}},"_links":{"self":[{"href":"https:\/\/carniceriadeliciasbilbao.com\/eu\/wp-json\/wp\/v2\/pages\/12","targetHints":{"allow":["GET"]}}],"collection":[{"href":"https:\/\/carniceriadeliciasbilbao.com\/eu\/wp-json\/wp\/v2\/pages"}],"about":[{"href":"https:\/\/carniceriadeliciasbilbao.com\/eu\/wp-json\/wp\/v2\/types\/page"}],"author":[{"embeddable":true,"href":"https:\/\/carniceriadeliciasbilbao.com\/eu\/wp-json\/wp\/v2\/users\/1"}],"replies":[{"embeddable":true,"href":"https:\/\/carniceriadeliciasbilbao.com\/eu\/wp-json\/wp\/v2\/comments?post=12"}],"version-history":[{"count":49,"href":"https:\/\/carniceriadeliciasbilbao.com\/eu\/wp-json\/wp\/v2\/pages\/12\/revisions"}],"predecessor-version":[{"id":236,"href":"https:\/\/carniceriadeliciasbilbao.com\/eu\/wp-json\/wp\/v2\/pages\/12\/revisions\/236"}],"wp:attachment":[{"href":"https:\/\/carniceriadeliciasbilbao.com\/eu\/wp-json\/wp\/v2\/media?parent=12"}],"curies":[{"name":"wp","href":"https:\/\/api.w.org\/{rel}","templated":true}]}}